{"id":35,"date":"2025-09-17T13:56:23","date_gmt":"2025-09-17T13:56:23","guid":{"rendered":"https:\/\/charis.com.vn\/?page_id=35"},"modified":"2026-01-23T13:03:51","modified_gmt":"2026-01-23T06:03:51","slug":"doi-ngu-bac-si","status":"publish","type":"page","link":"https:\/\/charis.com.vn\/en\/doi-ngu-bac-si\/","title":{"rendered":"Team of doctors"},"content":{"rendered":"<div data-elementor-type=\"wp-page\" data-elementor-id=\"35\" class=\"elementor elementor-35\" data-elementor-post-type=\"page\">\n\t\t\t\t<div class=\"elementor-element elementor-element-4401dcd banner-ratio e-flex e-con-boxed e-con e-parent\" data-id=\"4401dcd\" data-element_type=\"container\" data-settings=\"{&quot;background_background&quot;:&quot;classic&quot;}\">\n\t\t\t\t\t<div class=\"e-con-inner\">\n\t\t\t\t\t<\/div>\n\t\t\t\t<\/div>\n\t\t<div class=\"elementor-element elementor-element-ffd7647 e-flex e-con-boxed e-con e-parent\" data-id=\"ffd7647\" data-element_type=\"container\">\n\t\t\t\t\t<div class=\"e-con-inner\">\n\t\t\t\t<div class=\"elementor-element elementor-element-66ed89d mobile-title elementor-widget elementor-widget-heading\" data-id=\"66ed89d\" data-element_type=\"widget\" data-widget_type=\"heading.default\">\n\t\t\t\t\t<h2 class=\"elementor-heading-title elementor-size-default\"> <b>TEAM <\/b>DOCTOR <\/h2>\t\t\t\t<\/div>\n\t\t\t\t\t<\/div>\n\t\t\t\t<\/div>\n\t\t<div class=\"elementor-element elementor-element-d0b01c3 e-flex e-con-boxed e-con e-parent\" data-id=\"d0b01c3\" data-element_type=\"container\">\n\t\t\t\t\t<div class=\"e-con-inner\">\n\t\t\t\t<div class=\"elementor-element elementor-element-1955e5f elementor-grid-3 elementor-grid-tablet-2 elementor-grid-mobile-1 elementor-widget elementor-widget-loop-grid\" data-id=\"1955e5f\" data-element_type=\"widget\" data-settings=\"{&quot;template_id&quot;:235,&quot;columns&quot;:3,&quot;_skin&quot;:&quot;post&quot;,&quot;columns_tablet&quot;:&quot;2&quot;,&quot;columns_mobile&quot;:&quot;1&quot;,&quot;edit_handle_selector&quot;:&quot;[data-elementor-type=\\&quot;loop-item\\&quot;]&quot;,&quot;row_gap&quot;:{&quot;unit&quot;:&quot;px&quot;,&quot;size&quot;:&quot;&quot;,&quot;sizes&quot;:[]},&quot;row_gap_tablet&quot;:{&quot;unit&quot;:&quot;px&quot;,&quot;size&quot;:&quot;&quot;,&quot;sizes&quot;:[]},&quot;row_gap_mobile&quot;:{&quot;unit&quot;:&quot;px&quot;,&quot;size&quot;:&quot;&quot;,&quot;sizes&quot;:[]}}\" data-widget_type=\"loop-grid.post\">\n\t\t\t\t\t\t\t<div class=\"elementor-loop-container elementor-grid\" role=\"list\">\n\t\t<style id=\"loop-235\">.elementor-235 .elementor-element.elementor-element-9ec5faf{--display:flex;--border-radius:18px 18px 18px 18px;}.elementor-widget-theme-post-featured-image .widget-image-caption{color:var( --e-global-color-text );font-family:var( --e-global-typography-text-font-family ), Sans-serif;font-size:var( --e-global-typography-text-font-size );font-weight:var( --e-global-typography-text-font-weight );}.elementor-235 .elementor-element.elementor-element-5543d81{background-color:#F5F5F5;border-radius:10px 10px 10px 10px;}.elementor-235 .elementor-element.elementor-element-5543d81:hover img{filter:brightness( 100% ) contrast( 104% ) saturate( 104% ) blur( 0px ) hue-rotate( 0deg );}.elementor-235 .elementor-element.elementor-element-5543d81 img{transition-duration:0s;}.elementor-widget-theme-post-title .elementor-heading-title{font-family:var( --e-global-typography-primary-font-family ), Sans-serif;font-size:var( --e-global-typography-primary-font-size );font-weight:var( --e-global-typography-primary-font-weight );color:var( --e-global-color-primary );}.elementor-235 .elementor-element.elementor-element-0d55728{text-align:center;}@media(max-width:1024px){.elementor-widget-theme-post-featured-image .widget-image-caption{font-size:var( --e-global-typography-text-font-size );}.elementor-widget-theme-post-title .elementor-heading-title{font-size:var( --e-global-typography-primary-font-size );}}@media(max-width:767px){.elementor-widget-theme-post-featured-image .widget-image-caption{font-size:var( --e-global-typography-text-font-size );}.elementor-widget-theme-post-title .elementor-heading-title{font-size:var( --e-global-typography-primary-font-size );}}\/* Start custom CSS for container, class: .elementor-element-9ec5faf *\/\/*.elementor-235 .elementor-element.elementor-element-9ec5faf {*\/\n\/*    box-shadow: rgba(149, 157, 165, 0.2) 0px 8px 24px;*\/\n\/*    border-radius: 10px;*\/\n\/*}*\/\/* End custom CSS *\/<\/style>\t\t<div data-elementor-type=\"loop-item\" data-elementor-id=\"235\" class=\"elementor elementor-235 e-loop-item e-loop-item-862 post-862 doctor type-doctor status-publish has-post-thumbnail hentry tag-giam-doc-y-khoa\" data-elementor-post-type=\"elementor_library\" data-custom-edit-handle=\"1\">\n\t\t\t<div class=\"elementor-element elementor-element-9ec5faf e-flex e-con-boxed e-con e-parent\" data-id=\"9ec5faf\" data-element_type=\"container\">\n\t\t\t\t\t<div class=\"e-con-inner\">\n\t\t\t\t<div class=\"elementor-element elementor-element-5543d81 elementor-widget elementor-widget-theme-post-featured-image elementor-widget-image\" data-id=\"5543d81\" data-element_type=\"widget\" data-widget_type=\"theme-post-featured-image.default\">\n\t\t\t\t\t\t\t\t\t\t\t\t\t\t\t\t<a href=\"https:\/\/charis.com.vn\/en\/doctor\/bs-tran-phuong-thao\/\">\n\t\t\t\t\t\t\t<img fetchpriority=\"high\" decoding=\"async\" width=\"667\" height=\"1000\" src=\"https:\/\/charis.com.vn\/wp-content\/uploads\/2025\/10\/7R55300.png\" class=\"attachment-large size-large wp-image-916\" alt=\"\" srcset=\"https:\/\/charis.com.vn\/wp-content\/uploads\/2025\/10\/7R55300.png 667w, https:\/\/charis.com.vn\/wp-content\/uploads\/2025\/10\/7R55300-200x300.png 200w, https:\/\/charis.com.vn\/wp-content\/uploads\/2025\/10\/7R55300-8x12.png 8w\" sizes=\"(max-width: 667px) 100vw, 667px\" \/>\t\t\t\t\t\t\t\t<\/a>\n\t\t\t\t\t\t\t\t\t\t\t\t\t\t\t<\/div>\n\t\t\t\t<div class=\"elementor-element elementor-element-0d55728 elementor-widget elementor-widget-theme-post-title elementor-page-title elementor-widget-heading\" data-id=\"0d55728\" data-element_type=\"widget\" data-widget_type=\"theme-post-title.default\">\n\t\t\t\t\t<h3 class=\"elementor-heading-title elementor-size-default\"><a href=\"https:\/\/charis.com.vn\/en\/doctor\/bs-tran-phuong-thao\/\">Dr. TRAN PHUONG THAO<\/a><\/h3>\t\t\t\t<\/div>\n\t\t\t\t\t<\/div>\n\t\t\t\t<\/div>\n\t\t\t\t<\/div>\n\t\t\t\t<div data-elementor-type=\"loop-item\" data-elementor-id=\"235\" class=\"elementor elementor-235 e-loop-item e-loop-item-845 post-845 doctor type-doctor status-publish has-post-thumbnail hentry\" data-elementor-post-type=\"elementor_library\" data-custom-edit-handle=\"1\">\n\t\t\t<div class=\"elementor-element elementor-element-9ec5faf e-flex e-con-boxed e-con e-parent\" data-id=\"9ec5faf\" data-element_type=\"container\">\n\t\t\t\t\t<div class=\"e-con-inner\">\n\t\t\t\t<div class=\"elementor-element elementor-element-5543d81 elementor-widget elementor-widget-theme-post-featured-image elementor-widget-image\" data-id=\"5543d81\" data-element_type=\"widget\" data-widget_type=\"theme-post-featured-image.default\">\n\t\t\t\t\t\t\t\t\t\t\t\t\t\t\t\t<a href=\"https:\/\/charis.com.vn\/en\/doctor\/bs-doan-van-hoang\/\">\n\t\t\t\t\t\t\t<img decoding=\"async\" width=\"667\" height=\"1000\" src=\"https:\/\/charis.com.vn\/wp-content\/uploads\/2025\/10\/7R55494.png\" class=\"attachment-large size-large wp-image-919\" alt=\"\" srcset=\"https:\/\/charis.com.vn\/wp-content\/uploads\/2025\/10\/7R55494.png 667w, https:\/\/charis.com.vn\/wp-content\/uploads\/2025\/10\/7R55494-200x300.png 200w, https:\/\/charis.com.vn\/wp-content\/uploads\/2025\/10\/7R55494-8x12.png 8w\" sizes=\"(max-width: 667px) 100vw, 667px\" \/>\t\t\t\t\t\t\t\t<\/a>\n\t\t\t\t\t\t\t\t\t\t\t\t\t\t\t<\/div>\n\t\t\t\t<div class=\"elementor-element elementor-element-0d55728 elementor-widget elementor-widget-theme-post-title elementor-page-title elementor-widget-heading\" data-id=\"0d55728\" data-element_type=\"widget\" data-widget_type=\"theme-post-title.default\">\n\t\t\t\t\t<h3 class=\"elementor-heading-title elementor-size-default\"><a href=\"https:\/\/charis.com.vn\/en\/doctor\/bs-doan-van-hoang\/\">Dr. DOAN VAN HOANG<\/a><\/h3>\t\t\t\t<\/div>\n\t\t\t\t\t<\/div>\n\t\t\t\t<\/div>\n\t\t\t\t<\/div>\n\t\t\t\t<div data-elementor-type=\"loop-item\" data-elementor-id=\"235\" class=\"elementor elementor-235 e-loop-item e-loop-item-854 post-854 doctor type-doctor status-publish has-post-thumbnail hentry\" data-elementor-post-type=\"elementor_library\" data-custom-edit-handle=\"1\">\n\t\t\t<div class=\"elementor-element elementor-element-9ec5faf e-flex e-con-boxed e-con e-parent\" data-id=\"9ec5faf\" data-element_type=\"container\">\n\t\t\t\t\t<div class=\"e-con-inner\">\n\t\t\t\t<div class=\"elementor-element elementor-element-5543d81 elementor-widget elementor-widget-theme-post-featured-image elementor-widget-image\" data-id=\"5543d81\" data-element_type=\"widget\" data-widget_type=\"theme-post-featured-image.default\">\n\t\t\t\t\t\t\t\t\t\t\t\t\t\t\t\t<a href=\"https:\/\/charis.com.vn\/en\/doctor\/bac-si-pham-thi-xuan-linh\/\">\n\t\t\t\t\t\t\t<img decoding=\"async\" width=\"667\" height=\"1000\" src=\"https:\/\/charis.com.vn\/wp-content\/uploads\/2025\/10\/7R55313.png\" class=\"attachment-large size-large wp-image-917\" alt=\"\" srcset=\"https:\/\/charis.com.vn\/wp-content\/uploads\/2025\/10\/7R55313.png 667w, https:\/\/charis.com.vn\/wp-content\/uploads\/2025\/10\/7R55313-200x300.png 200w, https:\/\/charis.com.vn\/wp-content\/uploads\/2025\/10\/7R55313-8x12.png 8w\" sizes=\"(max-width: 667px) 100vw, 667px\" \/>\t\t\t\t\t\t\t\t<\/a>\n\t\t\t\t\t\t\t\t\t\t\t\t\t\t\t<\/div>\n\t\t\t\t<div class=\"elementor-element elementor-element-0d55728 elementor-widget elementor-widget-theme-post-title elementor-page-title elementor-widget-heading\" data-id=\"0d55728\" data-element_type=\"widget\" data-widget_type=\"theme-post-title.default\">\n\t\t\t\t\t<h3 class=\"elementor-heading-title elementor-size-default\"><a href=\"https:\/\/charis.com.vn\/en\/doctor\/bac-si-pham-thi-xuan-linh\/\">Dr. PHAM THI XUAN LINH<\/a><\/h3>\t\t\t\t<\/div>\n\t\t\t\t\t<\/div>\n\t\t\t\t<\/div>\n\t\t\t\t<\/div>\n\t\t\t\t<div data-elementor-type=\"loop-item\" data-elementor-id=\"235\" class=\"elementor elementor-235 e-loop-item e-loop-item-861 post-861 doctor type-doctor status-publish has-post-thumbnail hentry\" data-elementor-post-type=\"elementor_library\" data-custom-edit-handle=\"1\">\n\t\t\t<div class=\"elementor-element elementor-element-9ec5faf e-flex e-con-boxed e-con e-parent\" data-id=\"9ec5faf\" data-element_type=\"container\">\n\t\t\t\t\t<div class=\"e-con-inner\">\n\t\t\t\t<div class=\"elementor-element elementor-element-5543d81 elementor-widget elementor-widget-theme-post-featured-image elementor-widget-image\" data-id=\"5543d81\" data-element_type=\"widget\" data-widget_type=\"theme-post-featured-image.default\">\n\t\t\t\t\t\t\t\t\t\t\t\t\t\t\t\t<a href=\"https:\/\/charis.com.vn\/en\/doctor\/bs-phan-viet-quoc\/\">\n\t\t\t\t\t\t\t<img loading=\"lazy\" decoding=\"async\" width=\"667\" height=\"1000\" src=\"https:\/\/charis.com.vn\/wp-content\/uploads\/2025\/10\/7R55427.png\" class=\"attachment-large size-large wp-image-918\" alt=\"\" srcset=\"https:\/\/charis.com.vn\/wp-content\/uploads\/2025\/10\/7R55427.png 667w, https:\/\/charis.com.vn\/wp-content\/uploads\/2025\/10\/7R55427-200x300.png 200w, https:\/\/charis.com.vn\/wp-content\/uploads\/2025\/10\/7R55427-8x12.png 8w\" sizes=\"(max-width: 667px) 100vw, 667px\" \/>\t\t\t\t\t\t\t\t<\/a>\n\t\t\t\t\t\t\t\t\t\t\t\t\t\t\t<\/div>\n\t\t\t\t<div class=\"elementor-element elementor-element-0d55728 elementor-widget elementor-widget-theme-post-title elementor-page-title elementor-widget-heading\" data-id=\"0d55728\" data-element_type=\"widget\" data-widget_type=\"theme-post-title.default\">\n\t\t\t\t\t<h3 class=\"elementor-heading-title elementor-size-default\"><a href=\"https:\/\/charis.com.vn\/en\/doctor\/bs-phan-viet-quoc\/\">Dr. PHAN VIET QUOC<\/a><\/h3>\t\t\t\t<\/div>\n\t\t\t\t\t<\/div>\n\t\t\t\t<\/div>\n\t\t\t\t<\/div>\n\t\t\t\t<\/div>\n\t\t\n\t\t\t\t\t\t<\/div>\n\t\t\t\t\t<\/div>\n\t\t\t\t<\/div>\n\t\t\t\t<\/div>","protected":false},"excerpt":{"rendered":"<p>\u0110\u1ed8I NG\u0168 B\u00c1C S\u0128<\/p>","protected":false},"author":2,"featured_media":0,"parent":0,"menu_order":0,"comment_status":"closed","ping_status":"closed","template":"elementor_header_footer","meta":{"footnotes":""},"class_list":["post-35","page","type-page","status-publish","hentry"],"yoast_head":"<!-- This site is optimized with the Yoast SEO plugin v26.3 - https:\/\/yoast.com\/wordpress\/plugins\/seo\/ -->\n<title>\u0110\u1ed9i ng\u0169 b\u00e1c s\u0129 - Charis Healthcare<\/title>\n<meta name=\"robots\" content=\"index, follow, max-snippet:-1, max-image-preview:large, max-video-preview:-1\" \/>\n<link rel=\"canonical\" href=\"https:\/\/charis.com.vn\/en\/doi-ngu-bac-si\/\" \/>\n<meta property=\"og:locale\" content=\"en_US\" \/>\n<meta property=\"og:type\" content=\"article\" \/>\n<meta property=\"og:title\" content=\"\u0110\u1ed9i ng\u0169 b\u00e1c s\u0129 - Charis Healthcare\" \/>\n<meta property=\"og:description\" content=\"\u0110\u1ed8I NG\u0168 B\u00c1C S\u0128\" \/>\n<meta property=\"og:url\" content=\"https:\/\/charis.com.vn\/en\/doi-ngu-bac-si\/\" \/>\n<meta property=\"og:site_name\" content=\"Charis Healthcare\" \/>\n<meta property=\"article:modified_time\" content=\"2026-01-23T06:03:51+00:00\" \/>\n<meta name=\"twitter:card\" content=\"summary_large_image\" \/>\n<meta name=\"twitter:label1\" content=\"Est. reading time\" \/>\n\t<meta name=\"twitter:data1\" content=\"2 minutes\" \/>\n<script type=\"application\/ld+json\" class=\"yoast-schema-graph\">{\"@context\":\"https:\/\/schema.org\",\"@graph\":[{\"@type\":\"WebPage\",\"@id\":\"https:\/\/charis.com.vn\/doi-ngu-bac-si\/\",\"url\":\"https:\/\/charis.com.vn\/doi-ngu-bac-si\/\",\"name\":\"\u0110\u1ed9i ng\u0169 b\u00e1c s\u0129 - Charis Healthcare\",\"isPartOf\":{\"@id\":\"https:\/\/charis.com.vn\/#website\"},\"datePublished\":\"2025-09-17T13:56:23+00:00\",\"dateModified\":\"2026-01-23T06:03:51+00:00\",\"breadcrumb\":{\"@id\":\"https:\/\/charis.com.vn\/doi-ngu-bac-si\/#breadcrumb\"},\"inLanguage\":\"en-US\",\"potentialAction\":[{\"@type\":\"ReadAction\",\"target\":[\"https:\/\/charis.com.vn\/doi-ngu-bac-si\/\"]}]},{\"@type\":\"BreadcrumbList\",\"@id\":\"https:\/\/charis.com.vn\/doi-ngu-bac-si\/#breadcrumb\",\"itemListElement\":[{\"@type\":\"ListItem\",\"position\":1,\"name\":\"Home\",\"item\":\"https:\/\/charis.com.vn\/\"},{\"@type\":\"ListItem\",\"position\":2,\"name\":\"\u0110\u1ed9i ng\u0169 b\u00e1c s\u0129\"}]},{\"@type\":\"WebSite\",\"@id\":\"https:\/\/charis.com.vn\/#website\",\"url\":\"https:\/\/charis.com.vn\/\",\"name\":\"Charis Healthcare\",\"description\":\"\",\"publisher\":{\"@id\":\"https:\/\/charis.com.vn\/#organization\"},\"potentialAction\":[{\"@type\":\"SearchAction\",\"target\":{\"@type\":\"EntryPoint\",\"urlTemplate\":\"https:\/\/charis.com.vn\/?s={search_term_string}\"},\"query-input\":{\"@type\":\"PropertyValueSpecification\",\"valueRequired\":true,\"valueName\":\"search_term_string\"}}],\"inLanguage\":\"en-US\"},{\"@type\":\"Organization\",\"@id\":\"https:\/\/charis.com.vn\/#organization\",\"name\":\"Charis Healthcare\",\"url\":\"https:\/\/charis.com.vn\/\",\"logo\":{\"@type\":\"ImageObject\",\"inLanguage\":\"en-US\",\"@id\":\"https:\/\/charis.com.vn\/#\/schema\/logo\/image\/\",\"url\":\"https:\/\/charis.com.vn\/wp-content\/uploads\/2025\/09\/cropped-logo.png\",\"contentUrl\":\"https:\/\/charis.com.vn\/wp-content\/uploads\/2025\/09\/cropped-logo.png\",\"width\":322,\"height\":80,\"caption\":\"Charis Healthcare\"},\"image\":{\"@id\":\"https:\/\/charis.com.vn\/#\/schema\/logo\/image\/\"}}]}<\/script>\n<!-- \/ Yoast SEO plugin. -->","yoast_head_json":{"title":"\u0110\u1ed9i ng\u0169 b\u00e1c s\u0129 - Charis Healthcare","robots":{"index":"index","follow":"follow","max-snippet":"max-snippet:-1","max-image-preview":"max-image-preview:large","max-video-preview":"max-video-preview:-1"},"canonical":"https:\/\/charis.com.vn\/en\/doi-ngu-bac-si\/","og_locale":"en_US","og_type":"article","og_title":"\u0110\u1ed9i ng\u0169 b\u00e1c s\u0129 - Charis Healthcare","og_description":"\u0110\u1ed8I NG\u0168 B\u00c1C S\u0128","og_url":"https:\/\/charis.com.vn\/en\/doi-ngu-bac-si\/","og_site_name":"Charis Healthcare","article_modified_time":"2026-01-23T06:03:51+00:00","twitter_card":"summary_large_image","twitter_misc":{"Est. reading time":"2 minutes"},"schema":{"@context":"https:\/\/schema.org","@graph":[{"@type":"WebPage","@id":"https:\/\/charis.com.vn\/doi-ngu-bac-si\/","url":"https:\/\/charis.com.vn\/doi-ngu-bac-si\/","name":"\u0110\u1ed9i ng\u0169 b\u00e1c s\u0129 - Charis Healthcare","isPartOf":{"@id":"https:\/\/charis.com.vn\/#website"},"datePublished":"2025-09-17T13:56:23+00:00","dateModified":"2026-01-23T06:03:51+00:00","breadcrumb":{"@id":"https:\/\/charis.com.vn\/doi-ngu-bac-si\/#breadcrumb"},"inLanguage":"en-US","potentialAction":[{"@type":"ReadAction","target":["https:\/\/charis.com.vn\/doi-ngu-bac-si\/"]}]},{"@type":"BreadcrumbList","@id":"https:\/\/charis.com.vn\/doi-ngu-bac-si\/#breadcrumb","itemListElement":[{"@type":"ListItem","position":1,"name":"Home","item":"https:\/\/charis.com.vn\/"},{"@type":"ListItem","position":2,"name":"\u0110\u1ed9i ng\u0169 b\u00e1c s\u0129"}]},{"@type":"WebSite","@id":"https:\/\/charis.com.vn\/#website","url":"https:\/\/charis.com.vn\/","name":"Charis Healthcare","description":"","publisher":{"@id":"https:\/\/charis.com.vn\/#organization"},"potentialAction":[{"@type":"SearchAction","target":{"@type":"EntryPoint","urlTemplate":"https:\/\/charis.com.vn\/?s={search_term_string}"},"query-input":{"@type":"PropertyValueSpecification","valueRequired":true,"valueName":"search_term_string"}}],"inLanguage":"en-US"},{"@type":"Organization","@id":"https:\/\/charis.com.vn\/#organization","name":"Charis Healthcare","url":"https:\/\/charis.com.vn\/","logo":{"@type":"ImageObject","inLanguage":"en-US","@id":"https:\/\/charis.com.vn\/#\/schema\/logo\/image\/","url":"https:\/\/charis.com.vn\/wp-content\/uploads\/2025\/09\/cropped-logo.png","contentUrl":"https:\/\/charis.com.vn\/wp-content\/uploads\/2025\/09\/cropped-logo.png","width":322,"height":80,"caption":"Charis Healthcare"},"image":{"@id":"https:\/\/charis.com.vn\/#\/schema\/logo\/image\/"}}]}},"_links":{"self":[{"href":"https:\/\/charis.com.vn\/en\/wp-json\/wp\/v2\/pages\/35","targetHints":{"allow":["GET"]}}],"collection":[{"href":"https:\/\/charis.com.vn\/en\/wp-json\/wp\/v2\/pages"}],"about":[{"href":"https:\/\/charis.com.vn\/en\/wp-json\/wp\/v2\/types\/page"}],"author":[{"embeddable":true,"href":"https:\/\/charis.com.vn\/en\/wp-json\/wp\/v2\/users\/2"}],"replies":[{"embeddable":true,"href":"https:\/\/charis.com.vn\/en\/wp-json\/wp\/v2\/comments?post=35"}],"version-history":[{"count":43,"href":"https:\/\/charis.com.vn\/en\/wp-json\/wp\/v2\/pages\/35\/revisions"}],"predecessor-version":[{"id":1700,"href":"https:\/\/charis.com.vn\/en\/wp-json\/wp\/v2\/pages\/35\/revisions\/1700"}],"wp:attachment":[{"href":"https:\/\/charis.com.vn\/en\/wp-json\/wp\/v2\/media?parent=35"}],"curies":[{"name":"wp","href":"https:\/\/api.w.org\/{rel}","templated":true}]}}