{"id":37,"date":"2025-09-17T13:56:37","date_gmt":"2025-09-17T13:56:37","guid":{"rendered":"https:\/\/charis.com.vn\/?page_id=37"},"modified":"2025-11-25T07:44:30","modified_gmt":"2025-11-25T07:44:30","slug":"thanh-toan-bao-hiem","status":"publish","type":"page","link":"https:\/\/charis.com.vn\/en\/thanh-toan-bao-hiem\/","title":{"rendered":"Insurance payment"},"content":{"rendered":"<div data-elementor-type=\"wp-page\" data-elementor-id=\"37\" class=\"elementor elementor-37\" data-elementor-post-type=\"page\">\n\t\t\t\t<div class=\"elementor-element elementor-element-0ee2844 banner-ratio e-flex e-con-boxed e-con e-parent\" data-id=\"0ee2844\" data-element_type=\"container\" data-settings=\"{&quot;background_background&quot;:&quot;classic&quot;}\">\n\t\t\t\t\t<div class=\"e-con-inner\">\n\t\t\t\t\t<\/div>\n\t\t\t\t<\/div>\n\t\t<div class=\"elementor-element elementor-element-011f8ec e-flex e-con-boxed e-con e-parent\" data-id=\"011f8ec\" data-element_type=\"container\">\n\t\t\t\t\t<div class=\"e-con-inner\">\n\t\t\t\t<div class=\"elementor-element elementor-element-b2d531a mobile-title elementor-widget elementor-widget-heading\" data-id=\"b2d531a\" data-element_type=\"widget\" data-widget_type=\"heading.default\">\n\t\t\t\t\t<h2 class=\"elementor-heading-title elementor-size-default\">PAY <b>INSURANCE<\/b><\/h2>\t\t\t\t<\/div>\n\t\t\t\t<div class=\"elementor-element elementor-element-e30614c elementor-widget elementor-widget-image\" data-id=\"e30614c\" data-element_type=\"widget\" data-widget_type=\"image.default\">\n\t\t\t\t\t\t\t\t\t\t\t\t\t\t\t<img fetchpriority=\"high\" decoding=\"async\" width=\"800\" height=\"480\" src=\"https:\/\/charis.com.vn\/wp-content\/uploads\/2025\/11\/thumb-bao-nhieu-tuoi.png\" class=\"attachment-large size-large wp-image-1032\" alt=\"\" srcset=\"https:\/\/charis.com.vn\/wp-content\/uploads\/2025\/11\/thumb-bao-nhieu-tuoi.png 1000w, https:\/\/charis.com.vn\/wp-content\/uploads\/2025\/11\/thumb-bao-nhieu-tuoi-300x180.png 300w, https:\/\/charis.com.vn\/wp-content\/uploads\/2025\/11\/thumb-bao-nhieu-tuoi-768x461.png 768w, https:\/\/charis.com.vn\/wp-content\/uploads\/2025\/11\/thumb-bao-nhieu-tuoi-18x12.png 18w\" sizes=\"(max-width: 800px) 100vw, 800px\" \/>\t\t\t\t\t\t\t\t\t\t\t\t\t\t\t<\/div>\n\t\t\t\t<div class=\"elementor-element elementor-element-2cd9046 elementor-widget elementor-widget-text-editor\" data-id=\"2cd9046\" data-element_type=\"widget\" data-widget_type=\"text-editor.default\">\n\t\t\t\t\t\t\t\t\t<p>In <b>Charis Healthcare<\/b>, you can rest assured when using <b>private insurance or international insurance<\/b> to pay for medical expenses.<br \/>We <b>receive and complete all necessary documents<\/b>, include:<\/p><ul><li aria-level=\"1\">Medical certificate as required by the insurance company;<\/li><li aria-level=\"1\">Financial invoices and related documents for insurance payment.<\/li><\/ul><p>Thanks to this, you can <b>Submit insurance claim documents quickly and conveniently<\/b> without waiting to be paid directly at the medical facility.<\/p><p><b>Procedure at Charis Healthcare<\/b><\/p><ol><li aria-level=\"1\"><b>When registering for an examination<\/b>, please inform the staff that you <b>with private or international insurance<\/b>.<\/li><li aria-level=\"1\">Provide <b>personal\/business information<\/b> and <b>invoice information<\/b>.<\/li><li aria-level=\"1\">After the examination is over, Charis will <b>Prepare and hand over complete and valid documents and certificates<\/b> for you to return to the insurance company.<\/li><li aria-level=\"1\">You just need to <b>Register for a refund request via the app<\/b> or insurance online portal as instructed.<\/li><li aria-level=\"1\">Valid applications will be <b>Fast insurance approval and refund<\/b>, no need to wait for processing at the clinic.<\/li><\/ol><p>With this process, Charis Healthcare helps you <b>save time, reduce complicated procedures<\/b>, and still ensure <b>accurate, complete, transparent insurance payments<\/b>.<\/p>\t\t\t\t\t\t\t\t<\/div>\n\t\t\t\t\t<\/div>\n\t\t\t\t<\/div>\n\t\t\t\t<\/div>","protected":false},"excerpt":{"rendered":"<p>THANH TO\u00c1N B\u1ea2O HI\u1ec2M T\u1ea1i Charis Healthcare, qu\u00fd kh\u00e1ch ho\u00e0n to\u00e0n y\u00ean t\u00e2m khi s\u1eed d\u1ee5ng b\u1ea3o hi\u1ec3m t\u01b0 nh\u00e2n ho\u1eb7c b\u1ea3o hi\u1ec3m qu\u1ed1c t\u1ebf \u0111\u1ec3 thanh to\u00e1n chi ph\u00ed kh\u00e1m ch\u1eefa b\u1ec7nh.Ch\u00fang t\u00f4i ti\u1ebfp nh\u1eadn v\u00e0 ho\u00e0n thi\u1ec7n \u0111\u1ea7y \u0111\u1ee7 m\u1ecdi ch\u1ee9ng t\u1eeb c\u1ea7n thi\u1ebft, bao g\u1ed3m: Ch\u1ee9ng nh\u1eadn y khoa theo y\u00eau c\u1ea7u [&hellip;]<\/p>","protected":false},"author":2,"featured_media":1026,"parent":0,"menu_order":0,"comment_status":"closed","ping_status":"closed","template":"elementor_header_footer","meta":{"footnotes":""},"class_list":["post-37","page","type-page","status-publish","has-post-thumbnail","hentry"],"yoast_head":"<!-- This site is optimized with the Yoast SEO plugin v26.3 - https:\/\/yoast.com\/wordpress\/plugins\/seo\/ -->\n<title>Thanh to\u00e1n b\u1ea3o hi\u1ec3m - Charis Healthcare<\/title>\n<meta name=\"robots\" content=\"index, follow, max-snippet:-1, max-image-preview:large, max-video-preview:-1\" \/>\n<link rel=\"canonical\" href=\"https:\/\/charis.com.vn\/en\/thanh-toan-bao-hiem\/\" \/>\n<meta property=\"og:locale\" content=\"en_US\" \/>\n<meta property=\"og:type\" content=\"article\" \/>\n<meta property=\"og:title\" content=\"Thanh to\u00e1n b\u1ea3o hi\u1ec3m - Charis Healthcare\" \/>\n<meta property=\"og:description\" content=\"THANH TO\u00c1N B\u1ea2O HI\u1ec2M T\u1ea1i Charis Healthcare, qu\u00fd kh\u00e1ch ho\u00e0n to\u00e0n y\u00ean t\u00e2m khi s\u1eed d\u1ee5ng b\u1ea3o hi\u1ec3m t\u01b0 nh\u00e2n ho\u1eb7c b\u1ea3o hi\u1ec3m qu\u1ed1c t\u1ebf \u0111\u1ec3 thanh to\u00e1n chi ph\u00ed kh\u00e1m ch\u1eefa b\u1ec7nh.Ch\u00fang t\u00f4i ti\u1ebfp nh\u1eadn v\u00e0 ho\u00e0n thi\u1ec7n \u0111\u1ea7y \u0111\u1ee7 m\u1ecdi ch\u1ee9ng t\u1eeb c\u1ea7n thi\u1ebft, bao g\u1ed3m: Ch\u1ee9ng nh\u1eadn y khoa theo y\u00eau c\u1ea7u [&hellip;]\" \/>\n<meta property=\"og:url\" content=\"https:\/\/charis.com.vn\/en\/thanh-toan-bao-hiem\/\" \/>\n<meta property=\"og:site_name\" content=\"Charis Healthcare\" \/>\n<meta property=\"article:modified_time\" content=\"2025-11-25T07:44:30+00:00\" \/>\n<meta property=\"og:image\" content=\"https:\/\/charis.com.vn\/wp-content\/uploads\/2025\/11\/12.png\" \/>\n\t<meta property=\"og:image:width\" content=\"1920\" \/>\n\t<meta property=\"og:image:height\" content=\"640\" \/>\n\t<meta property=\"og:image:type\" content=\"image\/png\" \/>\n<meta name=\"twitter:card\" content=\"summary_large_image\" \/>\n<meta name=\"twitter:label1\" content=\"Est. reading time\" \/>\n\t<meta name=\"twitter:data1\" content=\"2 minutes\" \/>\n<script type=\"application\/ld+json\" class=\"yoast-schema-graph\">{\"@context\":\"https:\/\/schema.org\",\"@graph\":[{\"@type\":\"WebPage\",\"@id\":\"https:\/\/charis.com.vn\/thanh-toan-bao-hiem\/\",\"url\":\"https:\/\/charis.com.vn\/thanh-toan-bao-hiem\/\",\"name\":\"Thanh to\u00e1n b\u1ea3o hi\u1ec3m - Charis Healthcare\",\"isPartOf\":{\"@id\":\"https:\/\/charis.com.vn\/#website\"},\"primaryImageOfPage\":{\"@id\":\"https:\/\/charis.com.vn\/thanh-toan-bao-hiem\/#primaryimage\"},\"image\":{\"@id\":\"https:\/\/charis.com.vn\/thanh-toan-bao-hiem\/#primaryimage\"},\"thumbnailUrl\":\"https:\/\/charis.com.vn\/wp-content\/uploads\/2025\/11\/12.png\",\"datePublished\":\"2025-09-17T13:56:37+00:00\",\"dateModified\":\"2025-11-25T07:44:30+00:00\",\"breadcrumb\":{\"@id\":\"https:\/\/charis.com.vn\/thanh-toan-bao-hiem\/#breadcrumb\"},\"inLanguage\":\"en-US\",\"potentialAction\":[{\"@type\":\"ReadAction\",\"target\":[\"https:\/\/charis.com.vn\/thanh-toan-bao-hiem\/\"]}]},{\"@type\":\"ImageObject\",\"inLanguage\":\"en-US\",\"@id\":\"https:\/\/charis.com.vn\/thanh-toan-bao-hiem\/#primaryimage\",\"url\":\"https:\/\/charis.com.vn\/wp-content\/uploads\/2025\/11\/12.png\",\"contentUrl\":\"https:\/\/charis.com.vn\/wp-content\/uploads\/2025\/11\/12.png\",\"width\":1920,\"height\":640},{\"@type\":\"BreadcrumbList\",\"@id\":\"https:\/\/charis.com.vn\/thanh-toan-bao-hiem\/#breadcrumb\",\"itemListElement\":[{\"@type\":\"ListItem\",\"position\":1,\"name\":\"Home\",\"item\":\"https:\/\/charis.com.vn\/\"},{\"@type\":\"ListItem\",\"position\":2,\"name\":\"Thanh to\u00e1n b\u1ea3o hi\u1ec3m\"}]},{\"@type\":\"WebSite\",\"@id\":\"https:\/\/charis.com.vn\/#website\",\"url\":\"https:\/\/charis.com.vn\/\",\"name\":\"Charis Healthcare\",\"description\":\"\",\"publisher\":{\"@id\":\"https:\/\/charis.com.vn\/#organization\"},\"potentialAction\":[{\"@type\":\"SearchAction\",\"target\":{\"@type\":\"EntryPoint\",\"urlTemplate\":\"https:\/\/charis.com.vn\/?s={search_term_string}\"},\"query-input\":{\"@type\":\"PropertyValueSpecification\",\"valueRequired\":true,\"valueName\":\"search_term_string\"}}],\"inLanguage\":\"en-US\"},{\"@type\":\"Organization\",\"@id\":\"https:\/\/charis.com.vn\/#organization\",\"name\":\"Charis Healthcare\",\"url\":\"https:\/\/charis.com.vn\/\",\"logo\":{\"@type\":\"ImageObject\",\"inLanguage\":\"en-US\",\"@id\":\"https:\/\/charis.com.vn\/#\/schema\/logo\/image\/\",\"url\":\"https:\/\/charis.com.vn\/wp-content\/uploads\/2025\/09\/cropped-logo.png\",\"contentUrl\":\"https:\/\/charis.com.vn\/wp-content\/uploads\/2025\/09\/cropped-logo.png\",\"width\":322,\"height\":80,\"caption\":\"Charis Healthcare\"},\"image\":{\"@id\":\"https:\/\/charis.com.vn\/#\/schema\/logo\/image\/\"}}]}<\/script>\n<!-- \/ Yoast SEO plugin. -->","yoast_head_json":{"title":"Thanh to\u00e1n b\u1ea3o hi\u1ec3m - Charis Healthcare","robots":{"index":"index","follow":"follow","max-snippet":"max-snippet:-1","max-image-preview":"max-image-preview:large","max-video-preview":"max-video-preview:-1"},"canonical":"https:\/\/charis.com.vn\/en\/thanh-toan-bao-hiem\/","og_locale":"en_US","og_type":"article","og_title":"Thanh to\u00e1n b\u1ea3o hi\u1ec3m - Charis Healthcare","og_description":"THANH TO\u00c1N B\u1ea2O HI\u1ec2M T\u1ea1i Charis Healthcare, qu\u00fd kh\u00e1ch ho\u00e0n to\u00e0n y\u00ean t\u00e2m khi s\u1eed d\u1ee5ng b\u1ea3o hi\u1ec3m t\u01b0 nh\u00e2n ho\u1eb7c b\u1ea3o hi\u1ec3m qu\u1ed1c t\u1ebf \u0111\u1ec3 thanh to\u00e1n chi ph\u00ed kh\u00e1m ch\u1eefa b\u1ec7nh.Ch\u00fang t\u00f4i ti\u1ebfp nh\u1eadn v\u00e0 ho\u00e0n thi\u1ec7n \u0111\u1ea7y \u0111\u1ee7 m\u1ecdi ch\u1ee9ng t\u1eeb c\u1ea7n thi\u1ebft, bao g\u1ed3m: Ch\u1ee9ng nh\u1eadn y khoa theo y\u00eau c\u1ea7u [&hellip;]","og_url":"https:\/\/charis.com.vn\/en\/thanh-toan-bao-hiem\/","og_site_name":"Charis Healthcare","article_modified_time":"2025-11-25T07:44:30+00:00","og_image":[{"width":1920,"height":640,"url":"https:\/\/charis.com.vn\/wp-content\/uploads\/2025\/11\/12.png","type":"image\/png"}],"twitter_card":"summary_large_image","twitter_misc":{"Est. reading time":"2 minutes"},"schema":{"@context":"https:\/\/schema.org","@graph":[{"@type":"WebPage","@id":"https:\/\/charis.com.vn\/thanh-toan-bao-hiem\/","url":"https:\/\/charis.com.vn\/thanh-toan-bao-hiem\/","name":"Thanh to\u00e1n b\u1ea3o hi\u1ec3m - Charis Healthcare","isPartOf":{"@id":"https:\/\/charis.com.vn\/#website"},"primaryImageOfPage":{"@id":"https:\/\/charis.com.vn\/thanh-toan-bao-hiem\/#primaryimage"},"image":{"@id":"https:\/\/charis.com.vn\/thanh-toan-bao-hiem\/#primaryimage"},"thumbnailUrl":"https:\/\/charis.com.vn\/wp-content\/uploads\/2025\/11\/12.png","datePublished":"2025-09-17T13:56:37+00:00","dateModified":"2025-11-25T07:44:30+00:00","breadcrumb":{"@id":"https:\/\/charis.com.vn\/thanh-toan-bao-hiem\/#breadcrumb"},"inLanguage":"en-US","potentialAction":[{"@type":"ReadAction","target":["https:\/\/charis.com.vn\/thanh-toan-bao-hiem\/"]}]},{"@type":"ImageObject","inLanguage":"en-US","@id":"https:\/\/charis.com.vn\/thanh-toan-bao-hiem\/#primaryimage","url":"https:\/\/charis.com.vn\/wp-content\/uploads\/2025\/11\/12.png","contentUrl":"https:\/\/charis.com.vn\/wp-content\/uploads\/2025\/11\/12.png","width":1920,"height":640},{"@type":"BreadcrumbList","@id":"https:\/\/charis.com.vn\/thanh-toan-bao-hiem\/#breadcrumb","itemListElement":[{"@type":"ListItem","position":1,"name":"Home","item":"https:\/\/charis.com.vn\/"},{"@type":"ListItem","position":2,"name":"Thanh to\u00e1n b\u1ea3o hi\u1ec3m"}]},{"@type":"WebSite","@id":"https:\/\/charis.com.vn\/#website","url":"https:\/\/charis.com.vn\/","name":"Charis Healthcare","description":"","publisher":{"@id":"https:\/\/charis.com.vn\/#organization"},"potentialAction":[{"@type":"SearchAction","target":{"@type":"EntryPoint","urlTemplate":"https:\/\/charis.com.vn\/?s={search_term_string}"},"query-input":{"@type":"PropertyValueSpecification","valueRequired":true,"valueName":"search_term_string"}}],"inLanguage":"en-US"},{"@type":"Organization","@id":"https:\/\/charis.com.vn\/#organization","name":"Charis Healthcare","url":"https:\/\/charis.com.vn\/","logo":{"@type":"ImageObject","inLanguage":"en-US","@id":"https:\/\/charis.com.vn\/#\/schema\/logo\/image\/","url":"https:\/\/charis.com.vn\/wp-content\/uploads\/2025\/09\/cropped-logo.png","contentUrl":"https:\/\/charis.com.vn\/wp-content\/uploads\/2025\/09\/cropped-logo.png","width":322,"height":80,"caption":"Charis Healthcare"},"image":{"@id":"https:\/\/charis.com.vn\/#\/schema\/logo\/image\/"}}]}},"_links":{"self":[{"href":"https:\/\/charis.com.vn\/en\/wp-json\/wp\/v2\/pages\/37","targetHints":{"allow":["GET"]}}],"collection":[{"href":"https:\/\/charis.com.vn\/en\/wp-json\/wp\/v2\/pages"}],"about":[{"href":"https:\/\/charis.com.vn\/en\/wp-json\/wp\/v2\/types\/page"}],"author":[{"embeddable":true,"href":"https:\/\/charis.com.vn\/en\/wp-json\/wp\/v2\/users\/2"}],"replies":[{"embeddable":true,"href":"https:\/\/charis.com.vn\/en\/wp-json\/wp\/v2\/comments?post=37"}],"version-history":[{"count":20,"href":"https:\/\/charis.com.vn\/en\/wp-json\/wp\/v2\/pages\/37\/revisions"}],"predecessor-version":[{"id":1581,"href":"https:\/\/charis.com.vn\/en\/wp-json\/wp\/v2\/pages\/37\/revisions\/1581"}],"wp:featuredmedia":[{"embeddable":true,"href":"https:\/\/charis.com.vn\/en\/wp-json\/wp\/v2\/media\/1026"}],"wp:attachment":[{"href":"https:\/\/charis.com.vn\/en\/wp-json\/wp\/v2\/media?parent=37"}],"curies":[{"name":"wp","href":"https:\/\/api.w.org\/{rel}","templated":true}]}}