{"id":39,"date":"2025-09-17T13:56:47","date_gmt":"2025-09-17T13:56:47","guid":{"rendered":"https:\/\/charis.com.vn\/?page_id=39"},"modified":"2025-12-12T02:07:20","modified_gmt":"2025-12-12T02:07:20","slug":"ve-chung-toi","status":"publish","type":"page","link":"https:\/\/charis.com.vn\/en\/ve-chung-toi\/","title":{"rendered":"About us"},"content":{"rendered":"<div data-elementor-type=\"wp-page\" data-elementor-id=\"39\" class=\"elementor elementor-39\" data-elementor-post-type=\"page\">\n\t\t\t\t<div class=\"elementor-element elementor-element-8529178 banner-ratio e-flex e-con-boxed e-con e-parent\" data-id=\"8529178\" data-element_type=\"container\" data-settings=\"{&quot;background_background&quot;:&quot;classic&quot;}\">\n\t\t\t\t\t<div class=\"e-con-inner\">\n\t\t\t\t\t<\/div>\n\t\t\t\t<\/div>\n\t\t<div class=\"elementor-element elementor-element-64204662 e-flex e-con-boxed e-con e-parent\" data-id=\"64204662\" data-element_type=\"container\">\n\t\t\t\t\t<div class=\"e-con-inner\">\n\t\t\t\t<div class=\"elementor-element elementor-element-64ca0e3 mobile-title elementor-widget elementor-widget-heading\" data-id=\"64ca0e3\" data-element_type=\"widget\" data-widget_type=\"heading.default\">\n\t\t\t\t\t<h2 class=\"elementor-heading-title elementor-size-default\">ABOUT <b>US<\/b> <\/h2>\t\t\t\t<\/div>\n\t\t\t\t<div class=\"elementor-element elementor-element-cb5ec16 elementor-widget__width-initial elementor--h-position-center elementor--v-position-middle elementor-widget elementor-widget-slides\" data-id=\"cb5ec16\" data-element_type=\"widget\" data-settings=\"{&quot;transition&quot;:&quot;fade&quot;,&quot;navigation&quot;:&quot;none&quot;,&quot;autoplay_speed&quot;:3000,&quot;autoplay&quot;:&quot;yes&quot;,&quot;pause_on_hover&quot;:&quot;yes&quot;,&quot;pause_on_interaction&quot;:&quot;yes&quot;,&quot;infinite&quot;:&quot;yes&quot;,&quot;transition_speed&quot;:500}\" data-widget_type=\"slides.default\">\n\t\t\t\t\t\t\t\t\t\t<div class=\"elementor-slides-wrapper elementor-main-swiper swiper\" role=\"region\" aria-roledescription=\"carousel\" aria-label=\"Slides\" dir=\"ltr\" data-animation=\"fadeInUp\">\n\t\t\t\t<div class=\"swiper-wrapper elementor-slides\">\n\t\t\t\t\t\t\t\t\t\t<div class=\"elementor-repeater-item-702f1c0 swiper-slide\" role=\"group\" aria-roledescription=\"slide\"><div class=\"swiper-slide-bg elementor-ken-burns elementor-ken-burns--in\" role=\"img\"><\/div><div class=\"elementor-background-overlay\"><\/div><div class=\"swiper-slide-inner\" ><div class=\"swiper-slide-contents\"><div class=\"elementor-slide-description\"> <b><\/b>\n<br><b><\/b>\n<\/div><\/div><\/div><\/div><div class=\"elementor-repeater-item-4bd109b swiper-slide\" role=\"group\" aria-roledescription=\"slide\"><div class=\"swiper-slide-bg elementor-ken-burns elementor-ken-burns--in\" role=\"img\"><\/div><div class=\"elementor-background-overlay\"><\/div><div class=\"swiper-slide-inner\" ><div class=\"swiper-slide-contents\"><div class=\"elementor-slide-description\"> <b><\/b>\n<br>\n<b><\/b>\n<\/div><\/div><\/div><\/div><div class=\"elementor-repeater-item-5f9178f swiper-slide\" role=\"group\" aria-roledescription=\"slide\"><div class=\"swiper-slide-bg elementor-ken-burns elementor-ken-burns--in\" role=\"img\"><\/div><div class=\"elementor-background-overlay\"><\/div><div class=\"swiper-slide-inner\" ><div class=\"swiper-slide-contents\"><div class=\"elementor-slide-description\"> <b><\/b>\n<br>\n<b><\/b>\n<\/div><\/div><\/div><\/div>\t\t\t\t<\/div>\n\t\t\t\t\t\t\t\t\t\t\t\t\t\t\t\t\t\t\t\t\t<\/div>\n\t\t\t\t\t\t\t\t<\/div>\n\t\t\t\t<div class=\"elementor-element elementor-element-c3e4e31 elementor-widget elementor-widget-text-editor\" data-id=\"c3e4e31\" data-element_type=\"widget\" data-widget_type=\"text-editor.default\">\n\t\t\t\t\t\t\t\t\t<p><b>CHARIS HEALTHCARE<\/b> is a prestigious General Clinic in Ho Chi Minh City, providing diverse and comprehensive health care services for <strong>adults, children, individuals and businesses<\/strong>With a diverse system of specialties and a team of experienced doctors, Charis provides high-quality, safe and reliable medical services.<\/p>\n<p><strong>Key Services at Charis Healthcare<\/strong><\/p>\n<ul>\n<li>General: cardiovascular, respiratory, digestive, renal - urinary<\/li>\n<li>Digestive \u2013 Liver and gallbladder, gastroscopy \u2013 colonoscopy<\/li>\n<li>Pediatrics, pediatric health check-up, pediatric nutrition, vaccination<\/li>\n<li>ENT &amp; ENT endoscopy<\/li>\n<li>Obstetrics and Gynecology<\/li>\n<li>General health check-up on request<\/li>\n<li>Tests, ultrasounds, X-rays...<\/li>\n<\/ul>\n<p>At Charis Healthcare, every patient is listened to, thoroughly explained, and treated effectively in a warm, friendly, professional environment. We believe that medicine must begin with <strong>kindness<\/strong>, and is committed to providing a physical and mental health care experience for every patient.<\/p>\n<p><b>MISSION<\/b><\/p>\n<p><span style=\"font-weight: 400;\">We provide American-standard primary health care to people in Ho Chi Minh City and neighboring provinces, nurtured by the spirit of continuous learning, innovation and a culture of kindness \u2013 so that each patient is understood, cared for wholeheartedly like a relative, and contributes to improving community health.<\/span><\/p>\n<p><b>VISION&nbsp;<\/b><\/p>\n<p><span style=\"font-weight: 400;\">To become a leading clinic in the field of primary health care in Ho Chi Minh City and neighboring provinces - a convergence of modern medicine, the spirit of continuous learning and innovation and a culture of kindness, contributing to the creation of a healthy community in both body and mind.<\/span><\/p>\n<p><strong>CORE VALUES<\/strong><\/p>\n<h5><strong>C \u2013 Compassionate Care | T\u1eed t\u1ebf<\/strong><\/h5>\n<p data-start=\"381\" data-end=\"516\">Ch\u0103m s\u00f3c v\u1edbi s\u1ef1 th\u1ea5u c\u1ea3m, ch\u00e2n th\u00e0nh. M\u1ed7i b\u1ec7nh nh\u00e2n \u0111\u1ec1u \u0111\u01b0\u1ee3c l\u1eafng nghe, t\u00f4n tr\u1ecdng v\u00e0 \u0111\u1ed1i x\u1eed nh\u01b0 ng\u01b0\u1eddi th\u00e2n trong gia \u0111\u00ecnh.<\/p>\n<h5><strong data-start=\"521\" data-end=\"559\">H \u2013 High Standards | Ch\u1ea5t l\u01b0\u1ee3ng<\/strong><\/h5>\n<p data-start=\"560\" data-end=\"698\">Tu\u00e2n th\u1ee7 nghi\u00eam ng\u1eb7t c\u00e1c ti\u00eau chu\u1ea9n l\u00e2m s\u00e0ng v\u00e0 d\u1ecbch v\u1ee5. \u0110\u1ec1 cao tr\u00e1ch nhi\u1ec7m c\u00e1 nh\u00e2n, k\u1ef7 lu\u1eadt t\u1eadp th\u1ec3 v\u00e0 s\u1ef1 ch\u00ednh tr\u1ef1c trong m\u1ecdi t\u01b0\u01a1ng t\u00e1c.<\/p>\n<h5><strong data-start=\"703\" data-end=\"753\">A \u2013 Advancing Competency | H\u1ecdc h\u1ecfi<\/strong><\/h5>\n<p data-start=\"754\" data-end=\"915\">Li\u00ean t\u1ee5c n\u00e2ng cao chuy\u00ean m\u00f4n, k\u1ef9 n\u0103ng v\u00e0 th\u00e1i \u0111\u1ed9 ph\u1ee5c v\u1ee5 \u0111\u1ec3 mang \u0111\u1ebfn gi\u00e1 tr\u1ecb t\u1ed1t h\u01a1n cho b\u1ec7nh nh\u00e2n m\u1ed7i ng\u00e0y. Th\u1ef1c h\u00e0nh d\u1ef1a tr\u00ean b\u1eb1ng ch\u1ee9ng v\u00e0 ti\u00eau chu\u1ea9n qu\u1ed1c t\u1ebf.<\/p>\n<h5><strong data-start=\"920\" data-end=\"968\">R \u2013 Reforming Innovation | \u0110\u1ed5i m\u1edbi<\/strong><\/h5>\n<p data-start=\"969\" data-end=\"1094\">\u1ee8ng d\u1ee5ng c\u00f4ng ngh\u1ec7, quy tr\u00ecnh v\u00e0 t\u01b0 duy hi\u1ec7n \u0111\u1ea1i \u0111\u00e3 \u0111\u01b0\u1ee3c ki\u1ec3m ch\u1ee9ng \u0111\u1ec3 n\u00e2ng cao ch\u1ea5t l\u01b0\u1ee3ng \u0111i\u1ec1u tr\u1ecb v\u00e0 tr\u1ea3i nghi\u1ec7m b\u1ec7nh nh\u00e2n.<\/p>\n<h5><strong data-start=\"1099\" data-end=\"1151\">I \u2013 Integrated Partnership | \u0110\u1ed3ng h\u00e0nh<\/strong><\/h5>\n<p data-start=\"1152\" data-end=\"1285\">C\u00f9ng b\u1ec7nh nh\u00e2n ra quy\u1ebft \u0111\u1ecbnh trong su\u1ed1t h\u00e0nh tr\u00ecnh ch\u0103m s\u00f3c. Lu\u00f4n l\u1eafng nghe, th\u1ea5u hi\u1ec3u v\u00e0 k\u1ebft n\u1ed1i \u0111\u1ec3 mang l\u1ea1i s\u1ef1 an t\u00e2m v\u00e0 li\u1ec1n m\u1ea1ch.<\/p>\n<h5><strong data-start=\"1290\" data-end=\"1337\">S \u2013 Service Integrity | Chuy\u00ean nghi\u1ec7p<\/strong><\/h5>\n<p data-start=\"1338\" data-end=\"1487\">L\u00e0m vi\u1ec7c minh b\u1ea1ch, chu\u1ea9n m\u1ef1c v\u00e0 nh\u1ea5t qu\u00e1n. M\u1ed7i h\u00e0nh \u0111\u1ed9ng \u0111\u1ec1u th\u1ec3 hi\u1ec7n \u0111\u1ea1o \u0111\u1ee9c ngh\u1ec1 nghi\u1ec7p v\u00e0 t\u00f4n tr\u1ecdng d\u00e0nh cho b\u1ec7nh nh\u00e2n, \u0111\u1ed3ng nghi\u1ec7p v\u00e0 c\u1ed9ng \u0111\u1ed3ng.<\/p>\n<h2 style=\"color: #2c2c2c; font-family: Roboto, sans-serif; line-height: 36.8px; margin-bottom: 0in; margin-top: 0in; text-align: justify;\">&nbsp;<\/h2>\t\t\t\t\t\t\t\t<\/div>\n\t\t\t\t\t<\/div>\n\t\t\t\t<\/div>\n\t\t\t\t<\/div>","protected":false},"excerpt":{"rendered":"<p>V\u1ec0 CH\u00daNG T\u00d4I CHARIS HEALTHCARE l\u00e0 Ph\u00f2ng kh\u00e1m \u0110a khoa uy t\u00edn t\u1ea1i TP. HCM, cung c\u1ea5p d\u1ecbch v\u1ee5 ch\u0103m s\u00f3c s\u1ee9c kh\u1ecfe \u0111a d\u1ea1ng, to\u00e0n di\u1ec7n cho ng\u01b0\u1eddi l\u1edbn, tr\u1ebb em, c\u00e1 nh\u00e2n v\u00e0 doanh nghi\u1ec7p. V\u1edbi h\u1ec7 th\u1ed1ng chuy\u00ean khoa \u0111a d\u1ea1ng v\u00e0 \u0111\u1ed9i ng\u0169 b\u00e1c s\u0129 gi\u00e0u kinh nghi\u1ec7m, Charis mang \u0111\u1ebfn [&hellip;]<\/p>","protected":false},"author":2,"featured_media":215,"parent":0,"menu_order":0,"comment_status":"closed","ping_status":"closed","template":"elementor_header_footer","meta":{"footnotes":""},"class_list":["post-39","page","type-page","status-publish","has-post-thumbnail","hentry"],"yoast_head":"<!-- This site is optimized with the Yoast SEO plugin v26.3 - https:\/\/yoast.com\/wordpress\/plugins\/seo\/ -->\n<title>V\u1ec1 ch\u00fang t\u00f4i - Charis Healthcare<\/title>\n<meta name=\"robots\" content=\"index, follow, max-snippet:-1, max-image-preview:large, max-video-preview:-1\" \/>\n<link rel=\"canonical\" href=\"https:\/\/charis.com.vn\/en\/ve-chung-toi\/\" \/>\n<meta property=\"og:locale\" content=\"en_US\" \/>\n<meta property=\"og:type\" content=\"article\" \/>\n<meta property=\"og:title\" content=\"V\u1ec1 ch\u00fang t\u00f4i - Charis Healthcare\" \/>\n<meta property=\"og:description\" content=\"V\u1ec0 CH\u00daNG T\u00d4I CHARIS HEALTHCARE l\u00e0 Ph\u00f2ng kh\u00e1m \u0110a khoa uy t\u00edn t\u1ea1i TP. HCM, cung c\u1ea5p d\u1ecbch v\u1ee5 ch\u0103m s\u00f3c s\u1ee9c kh\u1ecfe \u0111a d\u1ea1ng, to\u00e0n di\u1ec7n cho ng\u01b0\u1eddi l\u1edbn, tr\u1ebb em, c\u00e1 nh\u00e2n v\u00e0 doanh nghi\u1ec7p. V\u1edbi h\u1ec7 th\u1ed1ng chuy\u00ean khoa \u0111a d\u1ea1ng v\u00e0 \u0111\u1ed9i ng\u0169 b\u00e1c s\u0129 gi\u00e0u kinh nghi\u1ec7m, Charis mang \u0111\u1ebfn [&hellip;]\" \/>\n<meta property=\"og:url\" content=\"https:\/\/charis.com.vn\/en\/ve-chung-toi\/\" \/>\n<meta property=\"og:site_name\" content=\"Charis Healthcare\" \/>\n<meta property=\"article:modified_time\" content=\"2025-12-12T02:07:20+00:00\" \/>\n<meta property=\"og:image\" content=\"https:\/\/charis.com.vn\/wp-content\/uploads\/2025\/09\/2025-03-11.webp\" \/>\n\t<meta property=\"og:image:width\" content=\"1242\" \/>\n\t<meta property=\"og:image:height\" content=\"699\" \/>\n\t<meta property=\"og:image:type\" content=\"image\/webp\" \/>\n<meta name=\"twitter:card\" content=\"summary_large_image\" \/>\n<meta name=\"twitter:label1\" content=\"Est. reading time\" \/>\n\t<meta name=\"twitter:data1\" content=\"3 minutes\" \/>\n<script type=\"application\/ld+json\" class=\"yoast-schema-graph\">{\"@context\":\"https:\/\/schema.org\",\"@graph\":[{\"@type\":\"WebPage\",\"@id\":\"https:\/\/charis.com.vn\/ve-chung-toi\/\",\"url\":\"https:\/\/charis.com.vn\/ve-chung-toi\/\",\"name\":\"V\u1ec1 ch\u00fang t\u00f4i - Charis Healthcare\",\"isPartOf\":{\"@id\":\"https:\/\/charis.com.vn\/#website\"},\"primaryImageOfPage\":{\"@id\":\"https:\/\/charis.com.vn\/ve-chung-toi\/#primaryimage\"},\"image\":{\"@id\":\"https:\/\/charis.com.vn\/ve-chung-toi\/#primaryimage\"},\"thumbnailUrl\":\"https:\/\/charis.com.vn\/wp-content\/uploads\/2025\/09\/2025-03-11.webp\",\"datePublished\":\"2025-09-17T13:56:47+00:00\",\"dateModified\":\"2025-12-12T02:07:20+00:00\",\"breadcrumb\":{\"@id\":\"https:\/\/charis.com.vn\/ve-chung-toi\/#breadcrumb\"},\"inLanguage\":\"en-US\",\"potentialAction\":[{\"@type\":\"ReadAction\",\"target\":[\"https:\/\/charis.com.vn\/ve-chung-toi\/\"]}]},{\"@type\":\"ImageObject\",\"inLanguage\":\"en-US\",\"@id\":\"https:\/\/charis.com.vn\/ve-chung-toi\/#primaryimage\",\"url\":\"https:\/\/charis.com.vn\/wp-content\/uploads\/2025\/09\/2025-03-11.webp\",\"contentUrl\":\"https:\/\/charis.com.vn\/wp-content\/uploads\/2025\/09\/2025-03-11.webp\",\"width\":1242,\"height\":699},{\"@type\":\"BreadcrumbList\",\"@id\":\"https:\/\/charis.com.vn\/ve-chung-toi\/#breadcrumb\",\"itemListElement\":[{\"@type\":\"ListItem\",\"position\":1,\"name\":\"Home\",\"item\":\"https:\/\/charis.com.vn\/\"},{\"@type\":\"ListItem\",\"position\":2,\"name\":\"V\u1ec1 ch\u00fang t\u00f4i\"}]},{\"@type\":\"WebSite\",\"@id\":\"https:\/\/charis.com.vn\/#website\",\"url\":\"https:\/\/charis.com.vn\/\",\"name\":\"Charis Healthcare\",\"description\":\"\",\"publisher\":{\"@id\":\"https:\/\/charis.com.vn\/#organization\"},\"potentialAction\":[{\"@type\":\"SearchAction\",\"target\":{\"@type\":\"EntryPoint\",\"urlTemplate\":\"https:\/\/charis.com.vn\/?s={search_term_string}\"},\"query-input\":{\"@type\":\"PropertyValueSpecification\",\"valueRequired\":true,\"valueName\":\"search_term_string\"}}],\"inLanguage\":\"en-US\"},{\"@type\":\"Organization\",\"@id\":\"https:\/\/charis.com.vn\/#organization\",\"name\":\"Charis Healthcare\",\"url\":\"https:\/\/charis.com.vn\/\",\"logo\":{\"@type\":\"ImageObject\",\"inLanguage\":\"en-US\",\"@id\":\"https:\/\/charis.com.vn\/#\/schema\/logo\/image\/\",\"url\":\"https:\/\/charis.com.vn\/wp-content\/uploads\/2025\/09\/cropped-logo.png\",\"contentUrl\":\"https:\/\/charis.com.vn\/wp-content\/uploads\/2025\/09\/cropped-logo.png\",\"width\":322,\"height\":80,\"caption\":\"Charis Healthcare\"},\"image\":{\"@id\":\"https:\/\/charis.com.vn\/#\/schema\/logo\/image\/\"}}]}<\/script>\n<!-- \/ Yoast SEO plugin. -->","yoast_head_json":{"title":"V\u1ec1 ch\u00fang t\u00f4i - Charis Healthcare","robots":{"index":"index","follow":"follow","max-snippet":"max-snippet:-1","max-image-preview":"max-image-preview:large","max-video-preview":"max-video-preview:-1"},"canonical":"https:\/\/charis.com.vn\/en\/ve-chung-toi\/","og_locale":"en_US","og_type":"article","og_title":"V\u1ec1 ch\u00fang t\u00f4i - Charis Healthcare","og_description":"V\u1ec0 CH\u00daNG T\u00d4I CHARIS HEALTHCARE l\u00e0 Ph\u00f2ng kh\u00e1m \u0110a khoa uy t\u00edn t\u1ea1i TP. HCM, cung c\u1ea5p d\u1ecbch v\u1ee5 ch\u0103m s\u00f3c s\u1ee9c kh\u1ecfe \u0111a d\u1ea1ng, to\u00e0n di\u1ec7n cho ng\u01b0\u1eddi l\u1edbn, tr\u1ebb em, c\u00e1 nh\u00e2n v\u00e0 doanh nghi\u1ec7p. V\u1edbi h\u1ec7 th\u1ed1ng chuy\u00ean khoa \u0111a d\u1ea1ng v\u00e0 \u0111\u1ed9i ng\u0169 b\u00e1c s\u0129 gi\u00e0u kinh nghi\u1ec7m, Charis mang \u0111\u1ebfn [&hellip;]","og_url":"https:\/\/charis.com.vn\/en\/ve-chung-toi\/","og_site_name":"Charis Healthcare","article_modified_time":"2025-12-12T02:07:20+00:00","og_image":[{"width":1242,"height":699,"url":"https:\/\/charis.com.vn\/wp-content\/uploads\/2025\/09\/2025-03-11.webp","type":"image\/webp"}],"twitter_card":"summary_large_image","twitter_misc":{"Est. reading time":"3 minutes"},"schema":{"@context":"https:\/\/schema.org","@graph":[{"@type":"WebPage","@id":"https:\/\/charis.com.vn\/ve-chung-toi\/","url":"https:\/\/charis.com.vn\/ve-chung-toi\/","name":"V\u1ec1 ch\u00fang t\u00f4i - Charis Healthcare","isPartOf":{"@id":"https:\/\/charis.com.vn\/#website"},"primaryImageOfPage":{"@id":"https:\/\/charis.com.vn\/ve-chung-toi\/#primaryimage"},"image":{"@id":"https:\/\/charis.com.vn\/ve-chung-toi\/#primaryimage"},"thumbnailUrl":"https:\/\/charis.com.vn\/wp-content\/uploads\/2025\/09\/2025-03-11.webp","datePublished":"2025-09-17T13:56:47+00:00","dateModified":"2025-12-12T02:07:20+00:00","breadcrumb":{"@id":"https:\/\/charis.com.vn\/ve-chung-toi\/#breadcrumb"},"inLanguage":"en-US","potentialAction":[{"@type":"ReadAction","target":["https:\/\/charis.com.vn\/ve-chung-toi\/"]}]},{"@type":"ImageObject","inLanguage":"en-US","@id":"https:\/\/charis.com.vn\/ve-chung-toi\/#primaryimage","url":"https:\/\/charis.com.vn\/wp-content\/uploads\/2025\/09\/2025-03-11.webp","contentUrl":"https:\/\/charis.com.vn\/wp-content\/uploads\/2025\/09\/2025-03-11.webp","width":1242,"height":699},{"@type":"BreadcrumbList","@id":"https:\/\/charis.com.vn\/ve-chung-toi\/#breadcrumb","itemListElement":[{"@type":"ListItem","position":1,"name":"Home","item":"https:\/\/charis.com.vn\/"},{"@type":"ListItem","position":2,"name":"V\u1ec1 ch\u00fang t\u00f4i"}]},{"@type":"WebSite","@id":"https:\/\/charis.com.vn\/#website","url":"https:\/\/charis.com.vn\/","name":"Charis Healthcare","description":"","publisher":{"@id":"https:\/\/charis.com.vn\/#organization"},"potentialAction":[{"@type":"SearchAction","target":{"@type":"EntryPoint","urlTemplate":"https:\/\/charis.com.vn\/?s={search_term_string}"},"query-input":{"@type":"PropertyValueSpecification","valueRequired":true,"valueName":"search_term_string"}}],"inLanguage":"en-US"},{"@type":"Organization","@id":"https:\/\/charis.com.vn\/#organization","name":"Charis Healthcare","url":"https:\/\/charis.com.vn\/","logo":{"@type":"ImageObject","inLanguage":"en-US","@id":"https:\/\/charis.com.vn\/#\/schema\/logo\/image\/","url":"https:\/\/charis.com.vn\/wp-content\/uploads\/2025\/09\/cropped-logo.png","contentUrl":"https:\/\/charis.com.vn\/wp-content\/uploads\/2025\/09\/cropped-logo.png","width":322,"height":80,"caption":"Charis Healthcare"},"image":{"@id":"https:\/\/charis.com.vn\/#\/schema\/logo\/image\/"}}]}},"_links":{"self":[{"href":"https:\/\/charis.com.vn\/en\/wp-json\/wp\/v2\/pages\/39","targetHints":{"allow":["GET"]}}],"collection":[{"href":"https:\/\/charis.com.vn\/en\/wp-json\/wp\/v2\/pages"}],"about":[{"href":"https:\/\/charis.com.vn\/en\/wp-json\/wp\/v2\/types\/page"}],"author":[{"embeddable":true,"href":"https:\/\/charis.com.vn\/en\/wp-json\/wp\/v2\/users\/2"}],"replies":[{"embeddable":true,"href":"https:\/\/charis.com.vn\/en\/wp-json\/wp\/v2\/comments?post=39"}],"version-history":[{"count":98,"href":"https:\/\/charis.com.vn\/en\/wp-json\/wp\/v2\/pages\/39\/revisions"}],"predecessor-version":[{"id":1689,"href":"https:\/\/charis.com.vn\/en\/wp-json\/wp\/v2\/pages\/39\/revisions\/1689"}],"wp:featuredmedia":[{"embeddable":true,"href":"https:\/\/charis.com.vn\/en\/wp-json\/wp\/v2\/media\/215"}],"wp:attachment":[{"href":"https:\/\/charis.com.vn\/en\/wp-json\/wp\/v2\/media?parent=39"}],"curies":[{"name":"wp","href":"https:\/\/api.w.org\/{rel}","templated":true}]}}