{"id":41,"date":"2025-09-17T13:56:55","date_gmt":"2025-09-17T13:56:55","guid":{"rendered":"https:\/\/charis.com.vn\/?page_id=41"},"modified":"2025-11-09T16:24:58","modified_gmt":"2025-11-09T16:24:58","slug":"lien-he","status":"publish","type":"page","link":"https:\/\/charis.com.vn\/en\/lien-he\/","title":{"rendered":"Contact"},"content":{"rendered":"<div data-elementor-type=\"wp-page\" data-elementor-id=\"41\" class=\"elementor elementor-41\" data-elementor-post-type=\"page\">\n\t\t\t\t<div class=\"elementor-element elementor-element-0c9df5c banner-ratio e-flex e-con-boxed e-con e-parent\" data-id=\"0c9df5c\" data-element_type=\"container\" data-settings=\"{&quot;background_background&quot;:&quot;classic&quot;}\">\n\t\t\t\t\t<div class=\"e-con-inner\">\n\t\t\t\t\t<\/div>\n\t\t\t\t<\/div>\n\t\t<div class=\"elementor-element elementor-element-49fee53 e-flex e-con-boxed e-con e-parent\" data-id=\"49fee53\" data-element_type=\"container\" data-settings=\"{&quot;background_background&quot;:&quot;classic&quot;}\">\n\t\t\t\t\t<div class=\"e-con-inner\">\n\t\t\t\t<div class=\"elementor-element elementor-element-282adc1 mobile-title elementor-widget elementor-widget-heading\" data-id=\"282adc1\" data-element_type=\"widget\" data-widget_type=\"heading.default\">\n\t\t\t\t\t<h2 class=\"elementor-heading-title elementor-size-default\"><b>ADDRESS AND CONTACT INFORMATION<\/b> OF CHARIS<\/h2>\t\t\t\t<\/div>\n\t\t\t\t<div class=\"elementor-element elementor-element-018a283 elementor-widget elementor-widget-heading\" data-id=\"018a283\" data-element_type=\"widget\" data-widget_type=\"heading.default\">\n\t\t\t\t\t<h2 class=\"elementor-heading-title elementor-size-default\">Central location, convenient to find, spacious parking lot<\/h2>\t\t\t\t<\/div>\n\t\t\t\t\t<\/div>\n\t\t\t\t<\/div>\n\t\t<div class=\"elementor-element elementor-element-1d20acc e-flex e-con-boxed e-con e-parent\" data-id=\"1d20acc\" data-element_type=\"container\" data-settings=\"{&quot;background_background&quot;:&quot;classic&quot;}\">\n\t\t\t\t\t<div class=\"e-con-inner\">\n\t\t\t\t<div class=\"elementor-element elementor-element-f76ad81 elementor-widget elementor-widget-google_maps\" data-id=\"f76ad81\" data-element_type=\"widget\" data-widget_type=\"google_maps.default\">\n\t\t\t\t\t\t\t<div class=\"elementor-custom-embed\">\n\t\t\t<iframe loading=\"lazy\"\n\t\t\t\t\tsrc=\"https:\/\/maps.google.com\/maps?q=158%20V%C3%B5%20V%C4%83n%20T%E1%BA%A7n%2C%20Ph%C6%B0%E1%BB%9Dng%206%2C%20Qu%E1%BA%ADn%203%2C%20H%E1%BB%93%20Ch%C3%AD%20Minh%20700000%2C%20Vi%E1%BB%87t%20Nam&#038;t=m&#038;z=15&#038;output=embed&#038;iwloc=near\"\n\t\t\t\t\ttitle=\"158 Vo Van Tan, Ward 6, District 3, Ho Chi Minh 700000, Vietnam\"\n\t\t\t\t\taria-label=\"158 Vo Van Tan, Ward 6, District 3, Ho Chi Minh 700000, Vietnam\"\n\t\t\t><\/iframe>\n\t\t<\/div>\n\t\t\t\t\t\t<\/div>\n\t\t<div class=\"elementor-element elementor-element-471645d e-con-full e-flex e-con e-child\" data-id=\"471645d\" data-element_type=\"container\" data-settings=\"{&quot;background_background&quot;:&quot;classic&quot;}\">\n\t\t\t\t<div class=\"elementor-element elementor-element-d957d24 elementor-widget__width-initial elementor-widget elementor-widget-image\" data-id=\"d957d24\" data-element_type=\"widget\" data-widget_type=\"image.default\">\n\t\t\t\t\t\t\t\t\t\t\t\t\t\t\t<img decoding=\"async\" width=\"322\" height=\"80\" src=\"https:\/\/charis.com.vn\/wp-content\/uploads\/2025\/09\/logo.png\" class=\"attachment-large size-large wp-image-20\" alt=\"\" srcset=\"https:\/\/charis.com.vn\/wp-content\/uploads\/2025\/09\/logo.png 322w, https:\/\/charis.com.vn\/wp-content\/uploads\/2025\/09\/logo-300x75.png 300w\" sizes=\"(max-width: 322px) 100vw, 322px\" \/>\t\t\t\t\t\t\t\t\t\t\t\t\t\t\t<\/div>\n\t\t\t\t<div class=\"elementor-element elementor-element-41eb4c7 elementor-icon-list--layout-traditional elementor-list-item-link-full_width elementor-widget elementor-widget-icon-list\" data-id=\"41eb4c7\" data-element_type=\"widget\" data-widget_type=\"icon-list.default\">\n\t\t\t\t\t\t\t<ul class=\"elementor-icon-list-items\">\n\t\t\t\t\t\t\t<li class=\"elementor-icon-list-item\">\n\t\t\t\t\t\t\t\t\t\t\t<span class=\"elementor-icon-list-icon\">\n\t\t\t\t\t\t\t<svg aria-hidden=\"true\" class=\"e-font-icon-svg e-fas-map-marker-alt\" viewbox=\"0 0 384 512\" xmlns=\"http:\/\/www.w3.org\/2000\/svg\"><path d=\"M172.268 501.67C26.97 291.031 0 269.413 0 192 0 85.961 85.961 0 192 0s192 85.961 192 192c0 77.413-26.97 99.031-172.268 309.67-9.535 13.774-29.93 13.773-39.464 0zM192 272c44.183 0 80-35.817 80-80s-35.817-80-80-80-80 35.817-80 80 35.817 80 80 80z\"><\/path><\/svg>\t\t\t\t\t\t<\/span>\n\t\t\t\t\t\t\t\t\t\t<span class=\"elementor-icon-list-text\">158 Vo Van Tan, Xuan Hoa Ward, Ho Chi Minh City<\/span>\n\t\t\t\t\t\t\t\t\t<\/li>\n\t\t\t\t\t\t\t\t<li class=\"elementor-icon-list-item\">\n\t\t\t\t\t\t\t\t\t\t\t<span class=\"elementor-icon-list-icon\">\n\t\t\t\t\t\t\t<svg aria-hidden=\"true\" class=\"e-font-icon-svg e-fas-phone-alt\" viewbox=\"0 0 512 512\" xmlns=\"http:\/\/www.w3.org\/2000\/svg\"><path d=\"M497.39 361.8l-112-48a24 24 0 0 0-28 6.9l-49.6 60.6A370.66 370.66 0 0 1 130.6 204.11l60.6-49.6a23.94 23.94 0 0 0 6.9-28l-48-112A24.16 24.16 0 0 0 122.6.61l-104 24A24 24 0 0 0 0 48c0 256.5 207.9 464 464 464a24 24 0 0 0 23.4-18.6l24-104a24.29 24.29 0 0 0-14.01-27.6z\"><\/path><\/svg>\t\t\t\t\t\t<\/span>\n\t\t\t\t\t\t\t\t\t\t<span class=\"elementor-icon-list-text\">028 39 349 349<\/span>\n\t\t\t\t\t\t\t\t\t<\/li>\n\t\t\t\t\t\t\t\t<li class=\"elementor-icon-list-item\">\n\t\t\t\t\t\t\t\t\t\t\t<span class=\"elementor-icon-list-icon\">\n\t\t\t\t\t\t\t<svg aria-hidden=\"true\" class=\"e-font-icon-svg e-fas-envelope\" viewbox=\"0 0 512 512\" xmlns=\"http:\/\/www.w3.org\/2000\/svg\"><path d=\"M502.3 190.8c3.9-3.1 9.7-.2 9.7 4.7V400c0 26.5-21.5 48-48 48H48c-26.5 0-48-21.5-48-48V195.6c0-5 5.7-7.8 9.7-4.7 22.4 17.4 52.1 39.5 154.1 113.6 21.1 15.4 56.7 47.8 92.2 47.6 35.7.3 72-32.8 92.3-47.6 102-74.1 131.6-96.3 154-113.7zM256 320c23.2.4 56.6-29.2 73.4-41.4 132.7-96.3 142.8-104.7 173.4-128.7 5.8-4.5 9.2-11.5 9.2-18.9v-19c0-26.5-21.5-48-48-48H48C21.5 64 0 85.5 0 112v19c0 7.4 3.4 14.3 9.2 18.9 30.6 23.9 40.7 32.4 173.4 128.7 16.8 12.2 50.2 41.8 73.4 41.4z\"><\/path><\/svg>\t\t\t\t\t\t<\/span>\n\t\t\t\t\t\t\t\t\t\t<span class=\"elementor-icon-list-text\"> info@charisvn.com<\/span>\n\t\t\t\t\t\t\t\t\t<\/li>\n\t\t\t\t\t\t<\/ul>\n\t\t\t\t\t\t<\/div>\n\t\t\t\t<\/div>\n\t\t\t\t\t<\/div>\n\t\t\t\t<\/div>\n\t\t<div class=\"elementor-element elementor-element-5a6f5dc e-flex e-con-boxed e-con e-parent\" data-id=\"5a6f5dc\" data-element_type=\"container\">\n\t\t\t\t\t<div class=\"e-con-inner\">\n\t\t\t\t<div class=\"elementor-element elementor-element-43d0fbd elementor-widget elementor-widget-html\" data-id=\"43d0fbd\" data-element_type=\"widget\" data-widget_type=\"html.default\">\n\t\t\t\t\t<style>\n    .contactInfoFooter {\n        display: none;\n    }\n<\/style>\t\t\t\t<\/div>\n\t\t\t\t\t<\/div>\n\t\t\t\t<\/div>\n\t\t\t\t<\/div>","protected":false},"excerpt":{"rendered":"<p>CHARIS ADDRESS AND CONTACT INFORMATION Central location, easy to find, spacious parking lot 158 Vo Van Tan, Xuan Hoa Ward, HCMC 028 39 349 349 info@charisvn.com<\/p>","protected":false},"author":2,"featured_media":0,"parent":0,"menu_order":0,"comment_status":"closed","ping_status":"closed","template":"elementor_header_footer","meta":{"footnotes":""},"class_list":["post-41","page","type-page","status-publish","hentry"],"yoast_head":"<!-- This site is optimized with the Yoast SEO plugin v26.3 - https:\/\/yoast.com\/wordpress\/plugins\/seo\/ -->\n<title>Li\u00ean h\u1ec7 - Charis Healthcare<\/title>\n<meta name=\"robots\" content=\"index, follow, max-snippet:-1, max-image-preview:large, max-video-preview:-1\" \/>\n<link rel=\"canonical\" href=\"https:\/\/charis.com.vn\/en\/lien-he\/\" \/>\n<meta property=\"og:locale\" content=\"en_US\" \/>\n<meta property=\"og:type\" content=\"article\" \/>\n<meta property=\"og:title\" content=\"Li\u00ean h\u1ec7 - Charis Healthcare\" \/>\n<meta property=\"og:description\" content=\"\u0110\u1ecaA CH\u1ec8 V\u00c0 TH\u00d4NG TIN LI\u00caN H\u1ec6 C\u1ee6A CHARIS V\u1ecb tr\u00ed trung t\u00e2m, t\u00ecm \u0111\u1ebfn thu\u1eadn ti\u1ec7n, s\u00e2n \u0111\u1eadu \u00f4 t\u00f4 r\u1ed9ng r\u00e3i 158 V\u00f5 V\u0103n T\u1ea7n, P. Xu\u00e2n H\u00f2a, TP.HCM 028 39 349 349 info@charisvn.com\" \/>\n<meta property=\"og:url\" content=\"https:\/\/charis.com.vn\/en\/lien-he\/\" \/>\n<meta property=\"og:site_name\" content=\"Charis Healthcare\" \/>\n<meta property=\"article:modified_time\" content=\"2025-11-09T16:24:58+00:00\" \/>\n<meta property=\"og:image\" content=\"https:\/\/charis.com.vn\/wp-content\/uploads\/2025\/09\/logo.png\" \/>\n\t<meta property=\"og:image:width\" content=\"322\" \/>\n\t<meta property=\"og:image:height\" content=\"80\" \/>\n\t<meta property=\"og:image:type\" content=\"image\/png\" \/>\n<meta name=\"twitter:card\" content=\"summary_large_image\" \/>\n<script type=\"application\/ld+json\" class=\"yoast-schema-graph\">{\"@context\":\"https:\/\/schema.org\",\"@graph\":[{\"@type\":\"WebPage\",\"@id\":\"https:\/\/charis.com.vn\/lien-he\/\",\"url\":\"https:\/\/charis.com.vn\/lien-he\/\",\"name\":\"Li\u00ean h\u1ec7 - Charis Healthcare\",\"isPartOf\":{\"@id\":\"https:\/\/charis.com.vn\/#website\"},\"primaryImageOfPage\":{\"@id\":\"https:\/\/charis.com.vn\/lien-he\/#primaryimage\"},\"image\":{\"@id\":\"https:\/\/charis.com.vn\/lien-he\/#primaryimage\"},\"thumbnailUrl\":\"https:\/\/charis.com.vn\/wp-content\/uploads\/2025\/09\/logo.png\",\"datePublished\":\"2025-09-17T13:56:55+00:00\",\"dateModified\":\"2025-11-09T16:24:58+00:00\",\"breadcrumb\":{\"@id\":\"https:\/\/charis.com.vn\/lien-he\/#breadcrumb\"},\"inLanguage\":\"en-US\",\"potentialAction\":[{\"@type\":\"ReadAction\",\"target\":[\"https:\/\/charis.com.vn\/lien-he\/\"]}]},{\"@type\":\"ImageObject\",\"inLanguage\":\"en-US\",\"@id\":\"https:\/\/charis.com.vn\/lien-he\/#primaryimage\",\"url\":\"https:\/\/charis.com.vn\/wp-content\/uploads\/2025\/09\/logo.png\",\"contentUrl\":\"https:\/\/charis.com.vn\/wp-content\/uploads\/2025\/09\/logo.png\"},{\"@type\":\"BreadcrumbList\",\"@id\":\"https:\/\/charis.com.vn\/lien-he\/#breadcrumb\",\"itemListElement\":[{\"@type\":\"ListItem\",\"position\":1,\"name\":\"Home\",\"item\":\"https:\/\/charis.com.vn\/\"},{\"@type\":\"ListItem\",\"position\":2,\"name\":\"Li\u00ean h\u1ec7\"}]},{\"@type\":\"WebSite\",\"@id\":\"https:\/\/charis.com.vn\/#website\",\"url\":\"https:\/\/charis.com.vn\/\",\"name\":\"Charis Healthcare\",\"description\":\"\",\"publisher\":{\"@id\":\"https:\/\/charis.com.vn\/#organization\"},\"potentialAction\":[{\"@type\":\"SearchAction\",\"target\":{\"@type\":\"EntryPoint\",\"urlTemplate\":\"https:\/\/charis.com.vn\/?s={search_term_string}\"},\"query-input\":{\"@type\":\"PropertyValueSpecification\",\"valueRequired\":true,\"valueName\":\"search_term_string\"}}],\"inLanguage\":\"en-US\"},{\"@type\":\"Organization\",\"@id\":\"https:\/\/charis.com.vn\/#organization\",\"name\":\"Charis Healthcare\",\"url\":\"https:\/\/charis.com.vn\/\",\"logo\":{\"@type\":\"ImageObject\",\"inLanguage\":\"en-US\",\"@id\":\"https:\/\/charis.com.vn\/#\/schema\/logo\/image\/\",\"url\":\"https:\/\/charis.com.vn\/wp-content\/uploads\/2025\/09\/cropped-logo.png\",\"contentUrl\":\"https:\/\/charis.com.vn\/wp-content\/uploads\/2025\/09\/cropped-logo.png\",\"width\":322,\"height\":80,\"caption\":\"Charis Healthcare\"},\"image\":{\"@id\":\"https:\/\/charis.com.vn\/#\/schema\/logo\/image\/\"}}]}<\/script>\n<!-- \/ Yoast SEO plugin. -->","yoast_head_json":{"title":"Contact - Charis Healthcare","robots":{"index":"index","follow":"follow","max-snippet":"max-snippet:-1","max-image-preview":"max-image-preview:large","max-video-preview":"max-video-preview:-1"},"canonical":"https:\/\/charis.com.vn\/en\/lien-he\/","og_locale":"en_US","og_type":"article","og_title":"Li\u00ean h\u1ec7 - Charis Healthcare","og_description":"\u0110\u1ecaA CH\u1ec8 V\u00c0 TH\u00d4NG TIN LI\u00caN H\u1ec6 C\u1ee6A CHARIS V\u1ecb tr\u00ed trung t\u00e2m, t\u00ecm \u0111\u1ebfn thu\u1eadn ti\u1ec7n, s\u00e2n \u0111\u1eadu \u00f4 t\u00f4 r\u1ed9ng r\u00e3i 158 V\u00f5 V\u0103n T\u1ea7n, P. Xu\u00e2n H\u00f2a, TP.HCM 028 39 349 349 info@charisvn.com","og_url":"https:\/\/charis.com.vn\/en\/lien-he\/","og_site_name":"Charis Healthcare","article_modified_time":"2025-11-09T16:24:58+00:00","og_image":[{"width":322,"height":80,"url":"https:\/\/charis.com.vn\/wp-content\/uploads\/2025\/09\/logo.png","type":"image\/png"}],"twitter_card":"summary_large_image","schema":{"@context":"https:\/\/schema.org","@graph":[{"@type":"WebPage","@id":"https:\/\/charis.com.vn\/lien-he\/","url":"https:\/\/charis.com.vn\/lien-he\/","name":"Contact - Charis Healthcare","isPartOf":{"@id":"https:\/\/charis.com.vn\/#website"},"primaryImageOfPage":{"@id":"https:\/\/charis.com.vn\/lien-he\/#primaryimage"},"image":{"@id":"https:\/\/charis.com.vn\/lien-he\/#primaryimage"},"thumbnailUrl":"https:\/\/charis.com.vn\/wp-content\/uploads\/2025\/09\/logo.png","datePublished":"2025-09-17T13:56:55+00:00","dateModified":"2025-11-09T16:24:58+00:00","breadcrumb":{"@id":"https:\/\/charis.com.vn\/lien-he\/#breadcrumb"},"inLanguage":"en-US","potentialAction":[{"@type":"ReadAction","target":["https:\/\/charis.com.vn\/lien-he\/"]}]},{"@type":"ImageObject","inLanguage":"en-US","@id":"https:\/\/charis.com.vn\/lien-he\/#primaryimage","url":"https:\/\/charis.com.vn\/wp-content\/uploads\/2025\/09\/logo.png","contentUrl":"https:\/\/charis.com.vn\/wp-content\/uploads\/2025\/09\/logo.png"},{"@type":"BreadcrumbList","@id":"https:\/\/charis.com.vn\/lien-he\/#breadcrumb","itemListElement":[{"@type":"ListItem","position":1,"name":"Home","item":"https:\/\/charis.com.vn\/"},{"@type":"ListItem","position":2,"name":"Li\u00ean h\u1ec7"}]},{"@type":"WebSite","@id":"https:\/\/charis.com.vn\/#website","url":"https:\/\/charis.com.vn\/","name":"Charis Healthcare","description":"","publisher":{"@id":"https:\/\/charis.com.vn\/#organization"},"potentialAction":[{"@type":"SearchAction","target":{"@type":"EntryPoint","urlTemplate":"https:\/\/charis.com.vn\/?s={search_term_string}"},"query-input":{"@type":"PropertyValueSpecification","valueRequired":true,"valueName":"search_term_string"}}],"inLanguage":"en-US"},{"@type":"Organization","@id":"https:\/\/charis.com.vn\/#organization","name":"Charis Healthcare","url":"https:\/\/charis.com.vn\/","logo":{"@type":"ImageObject","inLanguage":"en-US","@id":"https:\/\/charis.com.vn\/#\/schema\/logo\/image\/","url":"https:\/\/charis.com.vn\/wp-content\/uploads\/2025\/09\/cropped-logo.png","contentUrl":"https:\/\/charis.com.vn\/wp-content\/uploads\/2025\/09\/cropped-logo.png","width":322,"height":80,"caption":"Charis Healthcare"},"image":{"@id":"https:\/\/charis.com.vn\/#\/schema\/logo\/image\/"}}]}},"_links":{"self":[{"href":"https:\/\/charis.com.vn\/en\/wp-json\/wp\/v2\/pages\/41","targetHints":{"allow":["GET"]}}],"collection":[{"href":"https:\/\/charis.com.vn\/en\/wp-json\/wp\/v2\/pages"}],"about":[{"href":"https:\/\/charis.com.vn\/en\/wp-json\/wp\/v2\/types\/page"}],"author":[{"embeddable":true,"href":"https:\/\/charis.com.vn\/en\/wp-json\/wp\/v2\/users\/2"}],"replies":[{"embeddable":true,"href":"https:\/\/charis.com.vn\/en\/wp-json\/wp\/v2\/comments?post=41"}],"version-history":[{"count":22,"href":"https:\/\/charis.com.vn\/en\/wp-json\/wp\/v2\/pages\/41\/revisions"}],"predecessor-version":[{"id":1253,"href":"https:\/\/charis.com.vn\/en\/wp-json\/wp\/v2\/pages\/41\/revisions\/1253"}],"wp:attachment":[{"href":"https:\/\/charis.com.vn\/en\/wp-json\/wp\/v2\/media?parent=41"}],"curies":[{"name":"wp","href":"https:\/\/api.w.org\/{rel}","templated":true}]}}